{"id":65,"date":"2023-05-13T16:35:25","date_gmt":"2023-05-13T16:35:25","guid":{"rendered":"https:\/\/electronics-aid.com\/?page_id=65"},"modified":"2023-05-16T21:30:24","modified_gmt":"2023-05-16T21:30:24","slug":"portafolio","status":"publish","type":"page","link":"https:\/\/electronics-aid.com\/index.php\/portafolio\/","title":{"rendered":"Portafolio"},"content":{"rendered":"\t\t<div data-elementor-type=\"wp-page\" data-elementor-id=\"65\" class=\"elementor elementor-65\">\n\t\t\t\t\t\t<section class=\"elementor-section elementor-top-section elementor-element elementor-element-f61d14c elementor-section-boxed elementor-section-height-default elementor-section-height-default\" data-id=\"f61d14c\" data-element_type=\"section\">\n\t\t\t\t\t\t<div class=\"elementor-container elementor-column-gap-default\">\n\t\t\t\t\t<div class=\"elementor-column elementor-col-100 elementor-top-column elementor-element elementor-element-0fefc84\" data-id=\"0fefc84\" data-element_type=\"column\">\n\t\t\t<div class=\"elementor-widget-wrap elementor-element-populated\">\n\t\t\t\t\t\t<div class=\"elementor-element elementor-element-afcd28b elementor-widget elementor-widget-text-editor\" data-id=\"afcd28b\" data-element_type=\"widget\" data-widget_type=\"text-editor.default\">\n\t\t\t\t<div class=\"elementor-widget-container\">\n\t\t\t\t\t\t\t\t\t<p>Ofrecemos una gama de soluciones tecnol\u00f3gicas integrales a los diversos sectores, somos un equipo humano altamente comprometido y con experiencia que soporta uno a uno los procesos y necesidades de nuestros clientes&#8230;<\/p>\t\t\t\t\t\t\t\t<\/div>\n\t\t\t\t<\/div>\n\t\t\t\t\t<\/div>\n\t\t<\/div>\n\t\t\t\t\t<\/div>\n\t\t<\/section>\n\t\t\t\t<\/div>\n\t\t","protected":false},"excerpt":{"rendered":"<p>Ofrecemos una gama de soluciones tecnol\u00f3gicas integrales a los diversos sectores, somos un equipo humano altamente comprometido y con experiencia que soporta uno a uno los procesos y necesidades de nuestros clientes&#8230;<\/p>\n","protected":false},"author":1,"featured_media":0,"parent":0,"menu_order":0,"comment_status":"closed","ping_status":"closed","template":"","meta":{"site-sidebar-layout":"no-sidebar","site-content-layout":"page-builder","ast-site-content-layout":"","site-content-style":"default","site-sidebar-style":"default","ast-global-header-display":"","ast-banner-title-visibility":"","ast-main-header-display":"","ast-hfb-above-header-display":"","ast-hfb-below-header-display":"","ast-hfb-mobile-header-display":"","site-post-title":"disabled","ast-breadcrumbs-content":"","ast-featured-img":"disabled","footer-sml-layout":"","theme-transparent-header-meta":"","adv-header-id-meta":"","stick-header-meta":"","header-above-stick-meta":"","header-main-stick-meta":"","header-below-stick-meta":"","astra-migrate-meta-layouts":"default","ast-page-background-enabled":"default","ast-page-background-meta":{"desktop":{"background-color":"var(--ast-global-color-4)","background-image":"","background-repeat":"repeat","background-position":"center center","background-size":"auto","background-attachment":"scroll","background-type":"","background-media":"","overlay-type":"","overlay-color":"","overlay-opacity":"","overlay-gradient":""},"tablet":{"background-color":"","background-image":"","background-repeat":"repeat","background-position":"center center","background-size":"auto","background-attachment":"scroll","background-type":"","background-media":"","overlay-type":"","overlay-color":"","overlay-opacity":"","overlay-gradient":""},"mobile":{"background-color":"","background-image":"","background-repeat":"repeat","background-position":"center center","background-size":"auto","background-attachment":"scroll","background-type":"","background-media":"","overlay-type":"","overlay-color":"","overlay-opacity":"","overlay-gradient":""}},"ast-content-background-meta":{"desktop":{"background-color":"var(--ast-global-color-5)","background-image":"","background-repeat":"repeat","background-position":"center center","background-size":"auto","background-attachment":"scroll","background-type":"","background-media":"","overlay-type":"","overlay-color":"","overlay-opacity":"","overlay-gradient":""},"tablet":{"background-color":"var(--ast-global-color-5)","background-image":"","background-repeat":"repeat","background-position":"center center","background-size":"auto","background-attachment":"scroll","background-type":"","background-media":"","overlay-type":"","overlay-color":"","overlay-opacity":"","overlay-gradient":""},"mobile":{"background-color":"var(--ast-global-color-5)","background-image":"","background-repeat":"repeat","background-position":"center center","background-size":"auto","background-attachment":"scroll","background-type":"","background-media":"","overlay-type":"","overlay-color":"","overlay-opacity":"","overlay-gradient":""}},"footnotes":""},"class_list":["post-65","page","type-page","status-publish","hentry"],"yoast_head":"<!-- This site is optimized with the Yoast SEO plugin v25.3 - https:\/\/yoast.com\/wordpress\/plugins\/seo\/ -->\n<title>Portafolio - Electronics AID SAS<\/title>\n<meta name=\"robots\" content=\"index, follow, max-snippet:-1, max-image-preview:large, max-video-preview:-1\" \/>\n<link rel=\"canonical\" href=\"https:\/\/electronics-aid.com\/index.php\/portafolio\/\" \/>\n<meta property=\"og:locale\" content=\"es_ES\" \/>\n<meta property=\"og:type\" content=\"article\" \/>\n<meta property=\"og:title\" content=\"Portafolio - Electronics AID SAS\" \/>\n<meta property=\"og:description\" content=\"Ofrecemos una gama de soluciones tecnol\u00f3gicas integrales a los diversos sectores, somos un equipo humano altamente comprometido y con experiencia que soporta uno a uno los procesos y necesidades de nuestros clientes&#8230;\" \/>\n<meta property=\"og:url\" content=\"https:\/\/electronics-aid.com\/index.php\/portafolio\/\" \/>\n<meta property=\"og:site_name\" content=\"Electronics AID SAS\" \/>\n<meta property=\"article:modified_time\" content=\"2023-05-16T21:30:24+00:00\" \/>\n<meta name=\"twitter:card\" content=\"summary_large_image\" \/>\n<script type=\"application\/ld+json\" class=\"yoast-schema-graph\">{\"@context\":\"https:\/\/schema.org\",\"@graph\":[{\"@type\":\"WebPage\",\"@id\":\"https:\/\/electronics-aid.com\/index.php\/portafolio\/\",\"url\":\"https:\/\/electronics-aid.com\/index.php\/portafolio\/\",\"name\":\"Portafolio - Electronics AID SAS\",\"isPartOf\":{\"@id\":\"https:\/\/electronics-aid.com\/#website\"},\"datePublished\":\"2023-05-13T16:35:25+00:00\",\"dateModified\":\"2023-05-16T21:30:24+00:00\",\"breadcrumb\":{\"@id\":\"https:\/\/electronics-aid.com\/index.php\/portafolio\/#breadcrumb\"},\"inLanguage\":\"es\",\"potentialAction\":[{\"@type\":\"ReadAction\",\"target\":[\"https:\/\/electronics-aid.com\/index.php\/portafolio\/\"]}]},{\"@type\":\"BreadcrumbList\",\"@id\":\"https:\/\/electronics-aid.com\/index.php\/portafolio\/#breadcrumb\",\"itemListElement\":[{\"@type\":\"ListItem\",\"position\":1,\"name\":\"Portada\",\"item\":\"https:\/\/electronics-aid.com\/\"},{\"@type\":\"ListItem\",\"position\":2,\"name\":\"Portafolio\"}]},{\"@type\":\"WebSite\",\"@id\":\"https:\/\/electronics-aid.com\/#website\",\"url\":\"https:\/\/electronics-aid.com\/\",\"name\":\"Electronics AID SAS\",\"description\":\"Electronics AID S.A.S. Somos una empresa colombiana especializada en el desarrollo e implementaci\u00f3n de soluciones tecnol\u00f3gicas innovadoras. Ofrecemos software de gesti\u00f3n documental, administraci\u00f3n contractual, control de acceso y facturaci\u00f3n electr\u00f3nica, optimizando procesos en entidades p\u00fablicas y privadas. Nuestro enfoque en seguridad, eficiencia y transformaci\u00f3n digital impulsa la productividad y modernizaci\u00f3n de nuestros clientes. \ud83d\ude80\",\"publisher\":{\"@id\":\"https:\/\/electronics-aid.com\/#organization\"},\"potentialAction\":[{\"@type\":\"SearchAction\",\"target\":{\"@type\":\"EntryPoint\",\"urlTemplate\":\"https:\/\/electronics-aid.com\/?s={search_term_string}\"},\"query-input\":{\"@type\":\"PropertyValueSpecification\",\"valueRequired\":true,\"valueName\":\"search_term_string\"}}],\"inLanguage\":\"es\"},{\"@type\":\"Organization\",\"@id\":\"https:\/\/electronics-aid.com\/#organization\",\"name\":\"Electronics AID SAS\",\"url\":\"https:\/\/electronics-aid.com\/\",\"logo\":{\"@type\":\"ImageObject\",\"inLanguage\":\"es\",\"@id\":\"https:\/\/electronics-aid.com\/#\/schema\/logo\/image\/\",\"url\":\"https:\/\/electronics-aid.com\/wp-content\/uploads\/2023\/05\/cropped-cropped-PRESENTACION-HOY-1.png\",\"contentUrl\":\"https:\/\/electronics-aid.com\/wp-content\/uploads\/2023\/05\/cropped-cropped-PRESENTACION-HOY-1.png\",\"width\":1348,\"height\":271,\"caption\":\"Electronics AID SAS\"},\"image\":{\"@id\":\"https:\/\/electronics-aid.com\/#\/schema\/logo\/image\/\"}}]}<\/script>\n<!-- \/ Yoast SEO plugin. -->","yoast_head_json":{"title":"Portafolio - Electronics AID SAS","robots":{"index":"index","follow":"follow","max-snippet":"max-snippet:-1","max-image-preview":"max-image-preview:large","max-video-preview":"max-video-preview:-1"},"canonical":"https:\/\/electronics-aid.com\/index.php\/portafolio\/","og_locale":"es_ES","og_type":"article","og_title":"Portafolio - Electronics AID SAS","og_description":"Ofrecemos una gama de soluciones tecnol\u00f3gicas integrales a los diversos sectores, somos un equipo humano altamente comprometido y con experiencia que soporta uno a uno los procesos y necesidades de nuestros clientes&#8230;","og_url":"https:\/\/electronics-aid.com\/index.php\/portafolio\/","og_site_name":"Electronics AID SAS","article_modified_time":"2023-05-16T21:30:24+00:00","twitter_card":"summary_large_image","schema":{"@context":"https:\/\/schema.org","@graph":[{"@type":"WebPage","@id":"https:\/\/electronics-aid.com\/index.php\/portafolio\/","url":"https:\/\/electronics-aid.com\/index.php\/portafolio\/","name":"Portafolio - Electronics AID SAS","isPartOf":{"@id":"https:\/\/electronics-aid.com\/#website"},"datePublished":"2023-05-13T16:35:25+00:00","dateModified":"2023-05-16T21:30:24+00:00","breadcrumb":{"@id":"https:\/\/electronics-aid.com\/index.php\/portafolio\/#breadcrumb"},"inLanguage":"es","potentialAction":[{"@type":"ReadAction","target":["https:\/\/electronics-aid.com\/index.php\/portafolio\/"]}]},{"@type":"BreadcrumbList","@id":"https:\/\/electronics-aid.com\/index.php\/portafolio\/#breadcrumb","itemListElement":[{"@type":"ListItem","position":1,"name":"Portada","item":"https:\/\/electronics-aid.com\/"},{"@type":"ListItem","position":2,"name":"Portafolio"}]},{"@type":"WebSite","@id":"https:\/\/electronics-aid.com\/#website","url":"https:\/\/electronics-aid.com\/","name":"Electronics AID SAS","description":"Electronics AID S.A.S. Somos una empresa colombiana especializada en el desarrollo e implementaci\u00f3n de soluciones tecnol\u00f3gicas innovadoras. Ofrecemos software de gesti\u00f3n documental, administraci\u00f3n contractual, control de acceso y facturaci\u00f3n electr\u00f3nica, optimizando procesos en entidades p\u00fablicas y privadas. Nuestro enfoque en seguridad, eficiencia y transformaci\u00f3n digital impulsa la productividad y modernizaci\u00f3n de nuestros clientes. \ud83d\ude80","publisher":{"@id":"https:\/\/electronics-aid.com\/#organization"},"potentialAction":[{"@type":"SearchAction","target":{"@type":"EntryPoint","urlTemplate":"https:\/\/electronics-aid.com\/?s={search_term_string}"},"query-input":{"@type":"PropertyValueSpecification","valueRequired":true,"valueName":"search_term_string"}}],"inLanguage":"es"},{"@type":"Organization","@id":"https:\/\/electronics-aid.com\/#organization","name":"Electronics AID SAS","url":"https:\/\/electronics-aid.com\/","logo":{"@type":"ImageObject","inLanguage":"es","@id":"https:\/\/electronics-aid.com\/#\/schema\/logo\/image\/","url":"https:\/\/electronics-aid.com\/wp-content\/uploads\/2023\/05\/cropped-cropped-PRESENTACION-HOY-1.png","contentUrl":"https:\/\/electronics-aid.com\/wp-content\/uploads\/2023\/05\/cropped-cropped-PRESENTACION-HOY-1.png","width":1348,"height":271,"caption":"Electronics AID SAS"},"image":{"@id":"https:\/\/electronics-aid.com\/#\/schema\/logo\/image\/"}}]}},"_links":{"self":[{"href":"https:\/\/electronics-aid.com\/index.php\/wp-json\/wp\/v2\/pages\/65","targetHints":{"allow":["GET"]}}],"collection":[{"href":"https:\/\/electronics-aid.com\/index.php\/wp-json\/wp\/v2\/pages"}],"about":[{"href":"https:\/\/electronics-aid.com\/index.php\/wp-json\/wp\/v2\/types\/page"}],"author":[{"embeddable":true,"href":"https:\/\/electronics-aid.com\/index.php\/wp-json\/wp\/v2\/users\/1"}],"replies":[{"embeddable":true,"href":"https:\/\/electronics-aid.com\/index.php\/wp-json\/wp\/v2\/comments?post=65"}],"version-history":[{"count":0,"href":"https:\/\/electronics-aid.com\/index.php\/wp-json\/wp\/v2\/pages\/65\/revisions"}],"wp:attachment":[{"href":"https:\/\/electronics-aid.com\/index.php\/wp-json\/wp\/v2\/media?parent=65"}],"curies":[{"name":"wp","href":"https:\/\/api.w.org\/{rel}","templated":true}]}}